{"id":145,"date":"2021-08-19T16:21:36","date_gmt":"2021-08-19T14:21:36","guid":{"rendered":"http:\/\/www.lager-helfer.de\/?page_id=145"},"modified":"2021-10-31T13:31:01","modified_gmt":"2021-10-31T12:31:01","slug":"fuer-arbeitgeber","status":"publish","type":"page","link":"https:\/\/www.veto-personal.de\/index.php\/fuer-arbeitgeber\/","title":{"rendered":"F\u00fcr Arbeitgeber"},"content":{"rendered":"<p>[vc_section content_placement=&#8221;middle&#8221;][vc_row row_type=&#8221;row_xxxl&#8221; vc_bg_type=&#8221;vc_bg_color&#8221; ignore_inner_gutter=&#8221;true&#8221; vc_bg_colorselect=&#8221;color_13&#8243; css=&#8221;.vc_custom_1630920506486{margin-top: 0px !important;margin-right: 0px !important;margin-bottom: 0px !important;margin-left: 0px !important;padding-top: 0px !important;padding-right: 0px !important;padding-bottom: 0px !important;padding-left: 0px !important;}&#8221; el_id=&#8221;row_for_menu&#8221;][vc_column][vc_column_text dynamic_content=&#8221;&#8221;]\n<!-- UberMenu [Configuration:main] [Theme Loc:] [Integration:api] -->\n<button class=\"ubermenu-responsive-toggle ubermenu-responsive-toggle-main ubermenu-skin-minimal ubermenu-loc- ubermenu-responsive-toggle-content-align-left ubermenu-responsive-toggle-align-full ubermenu-responsive-toggle-close-icon-times \" tabindex=\"0\" data-ubermenu-target=\"ubermenu-main-2\"><i class=\"fas fa-bars\" ><\/i>Menu<\/button><nav id=\"ubermenu-main-2\" class=\"ubermenu ubermenu-nojs ubermenu-main ubermenu-menu-2 ubermenu-responsive ubermenu-responsive-default ubermenu-mobile-accordion ubermenu-responsive-collapse ubermenu-horizontal ubermenu-transition-slide ubermenu-trigger-hover_intent ubermenu-skin-minimal  ubermenu-bar-align-full ubermenu-items-align-center ubermenu-bound ubermenu-sub-indicators ubermenu-retractors-responsive ubermenu-submenu-indicator-closes\"><ul id=\"ubermenu-nav-main-2\" class=\"ubermenu-nav\" data-title=\"Prim\u00e4r\"><li id=\"menu-item-46\" class=\"ubermenu-item ubermenu-item-type-custom ubermenu-item-object-custom ubermenu-item-46 ubermenu-item-level-0 ubermenu-column ubermenu-column-auto\" ><a class=\"ubermenu-target ubermenu-target-with-image ubermenu-target-with-icon ubermenu-item-layout-default ubermenu-item-layout-image_left ubermenu-item-notext\" href=\"http:\/\/www.lager-helfer.de\/\" tabindex=\"0\"><img class=\"ubermenu-image ubermenu-image-size-full\" src=\"https:\/\/www.veto-personal.de\/wp-content\/uploads\/2021\/08\/menuItem_Logo_Zeichenflaeche-1_Zeichenflaeche-1.png\" width=\"93\" height=\"41\" alt=\"Logo der veto-personal GmbH\"  \/><\/a><\/li><li id=\"menu-item-118\" class=\"ubermenu-item ubermenu-item-type-post_type ubermenu-item-object-page ubermenu-item-118 ubermenu-item-level-0 ubermenu-column ubermenu-column-auto\" ><a class=\"ubermenu-target ubermenu-target-with-icon ubermenu-item-layout-default ubermenu-item-layout-icon_left\" href=\"https:\/\/www.veto-personal.de\/index.php\/aktuelle-stellenangebote\/\" tabindex=\"0\"><i class=\"ubermenu-icon fas fa-search\" ><\/i><span class=\"ubermenu-target-title ubermenu-target-text\">Aktuelle Stellenangebote<\/span><\/a><\/li><li id=\"menu-item-154\" class=\"ubermenu-item ubermenu-item-type-post_type ubermenu-item-object-page ubermenu-item-154 ubermenu-item-level-0 ubermenu-column ubermenu-column-auto\" ><a class=\"ubermenu-target ubermenu-target-with-icon ubermenu-item-layout-default ubermenu-item-layout-icon_left\" href=\"https:\/\/www.veto-personal.de\/index.php\/fuer-arbeitnehmer\/\" tabindex=\"0\"><i class=\"ubermenu-icon fas fa-user\" ><\/i><span class=\"ubermenu-target-title ubermenu-target-text\">F\u00fcr Arbeitsuchende<\/span><\/a><\/li><li id=\"menu-item-153\" class=\"ubermenu-item ubermenu-item-type-post_type ubermenu-item-object-page ubermenu-item-153 ubermenu-item-level-0 ubermenu-column ubermenu-column-auto\" ><a class=\"ubermenu-target ubermenu-target-with-icon ubermenu-item-layout-default ubermenu-item-layout-icon_left\" href=\"https:\/\/www.veto-personal.de\/index.php\/fuer-arbeitgeber\/\" tabindex=\"0\"><i class=\"ubermenu-icon far fa-user\" ><\/i><span class=\"ubermenu-target-title ubermenu-target-text\">F\u00fcr Arbeitgeber<\/span><\/a><\/li><li id=\"menu-item-102\" class=\"ubermenu-item ubermenu-item-type-post_type ubermenu-item-object-page ubermenu-item-has-children ubermenu-item-102 ubermenu-item-level-0 ubermenu-column ubermenu-column-auto ubermenu-has-submenu-drop ubermenu-has-submenu-flyout\" ><a class=\"ubermenu-target ubermenu-target-with-icon ubermenu-item-layout-default ubermenu-item-layout-icon_left\" href=\"https:\/\/www.veto-personal.de\/index.php\/standorte\/\" tabindex=\"0\"><i class=\"ubermenu-icon fas fa-map-marker-alt\" ><\/i><span class=\"ubermenu-target-title ubermenu-target-text\">Standorte<\/span><i class='ubermenu-sub-indicator fas fa-angle-down'><\/i><\/a><ul  class=\"ubermenu-submenu ubermenu-submenu-id-102 ubermenu-submenu-type-flyout ubermenu-submenu-drop ubermenu-submenu-align-left_edge_item\"  ><li id=\"menu-item-417\" class=\"ubermenu-item ubermenu-item-type-post_type ubermenu-item-object-page ubermenu-item-417 ubermenu-item-auto ubermenu-item-normal ubermenu-item-level-1\" ><a class=\"ubermenu-target ubermenu-item-layout-default ubermenu-item-layout-text_only\" href=\"https:\/\/www.veto-personal.de\/index.php\/standorte\/standort-soest\/\"><span class=\"ubermenu-target-title ubermenu-target-text\">Standort Soest<\/span><\/a><\/li><li id=\"menu-item-479\" class=\"ubermenu-item ubermenu-item-type-post_type ubermenu-item-object-page ubermenu-item-479 ubermenu-item-auto ubermenu-item-normal ubermenu-item-level-1\" ><a class=\"ubermenu-target ubermenu-item-layout-default ubermenu-item-layout-text_only\" href=\"https:\/\/www.veto-personal.de\/index.php\/standorte\/standort-arnsberg-neheim\/\"><span class=\"ubermenu-target-title ubermenu-target-text\">Standort Arnsberg-Neheim<\/span><\/a><\/li><li id=\"menu-item-478\" class=\"ubermenu-item ubermenu-item-type-post_type ubermenu-item-object-page ubermenu-item-478 ubermenu-item-auto ubermenu-item-normal ubermenu-item-level-1\" ><a class=\"ubermenu-target ubermenu-item-layout-default ubermenu-item-layout-text_only\" href=\"https:\/\/www.veto-personal.de\/index.php\/standorte\/standort-hamm\/\"><span class=\"ubermenu-target-title ubermenu-target-text\">Standort Hamm<\/span><\/a><\/li><li id=\"menu-item-477\" class=\"ubermenu-item ubermenu-item-type-post_type ubermenu-item-object-page ubermenu-item-477 ubermenu-item-auto ubermenu-item-normal ubermenu-item-level-1\" ><a class=\"ubermenu-target ubermenu-item-layout-default ubermenu-item-layout-text_only\" href=\"https:\/\/www.veto-personal.de\/index.php\/standorte\/standort-lippstadt\/\"><span class=\"ubermenu-target-title ubermenu-target-text\">Standort Lippstadt<\/span><\/a><\/li><\/ul><\/li><li id=\"menu-item-117\" class=\"ubermenu-item ubermenu-item-type-post_type ubermenu-item-object-page ubermenu-item-117 ubermenu-item-level-0 ubermenu-column ubermenu-column-auto\" ><a class=\"ubermenu-target ubermenu-target-with-icon ubermenu-item-layout-default ubermenu-item-layout-icon_left\" href=\"https:\/\/www.veto-personal.de\/index.php\/ueber-uns\/\" tabindex=\"0\"><i class=\"ubermenu-icon fas fa-file\" ><\/i><span class=\"ubermenu-target-title ubermenu-target-text\">\u00dcber uns<\/span><\/a><\/li><\/ul><\/nav>\n<!-- End UberMenu -->\n[\/vc_column_text][\/vc_column][\/vc_row][\/vc_section][vc_row row_type=&#8221;row_xl&#8221; vc_bg_seperator_type=&#8221;tilt_left_seperator&#8221; vc_bg_seperator_position=&#8221;top_bottom_asym&#8221; vc_bg_seperator=&#8221;true&#8221; vc_bg_seperator_colorselect=&#8221;color_13&#8243; css=&#8221;.vc_custom_1631618367576{padding-top: 70px !important;padding-bottom: 90px !important;}&#8221;][vc_column]<h1 id='headline_69f6fbedc2595' class='vc_headline has-fontsize-h4  ' style=''>F\u00fcr Arbeitgeber<\/h1>[vc_row_inner][vc_column_inner width=&#8221;1\/2&#8243;][vc_column_text dynamic_content=&#8221;&#8221;]Sie sind auf der Suche nach personeller Unterst\u00fctzung mit geeigneter Qualifikation?<br \/>\nMit der veto-personal GmbH kann Ihre Suche ein Ende haben!<\/p>\n<div>\n<p>Wir k\u00f6nnen Ihnen kurzfristig, aus einem gro\u00dfen Pool an Bewerbern und Mitarbeitern, mit den unterschiedlichsten Qualifikationen, das f\u00fcr Sie passende Personal anbieten. Und das zu fairen Konditionen!<\/p>\n<\/div>\n<p>[\/vc_column_text][\/vc_column_inner][vc_column_inner width=&#8221;1\/2&#8243;]<div class='vc_icons  ' >\n                            <img class='vc_icon' id='69f6fbedc26bc' src='https:\/\/www.veto-personal.de\/wp-content\/uploads\/2021\/09\/Fotolia_58792434_XXL-scaled.jpg' alt='Group of employee people. Business team isolated on white background.' title='Business people group.' style='display:inline-block; width:auto'  data-srcset='{\"150\":\"https:\\\/\\\/www.veto-personal.de\\\/wp-content\\\/uploads\\\/2021\\\/09\\\/Fotolia_58792434_XXL-150x150.jpg\",\"300\":\"https:\\\/\\\/www.veto-personal.de\\\/wp-content\\\/uploads\\\/2021\\\/09\\\/Fotolia_58792434_XXL-300x117.jpg\",\"768\":\"https:\\\/\\\/www.veto-personal.de\\\/wp-content\\\/uploads\\\/2021\\\/09\\\/Fotolia_58792434_XXL-768x299.jpg\",\"1024\":\"https:\\\/\\\/www.veto-personal.de\\\/wp-content\\\/uploads\\\/2021\\\/09\\\/Fotolia_58792434_XXL-1024x398.jpg\",\"1536\":\"https:\\\/\\\/www.veto-personal.de\\\/wp-content\\\/uploads\\\/2021\\\/09\\\/Fotolia_58792434_XXL-1536x598.jpg\",\"2048\":\"https:\\\/\\\/www.veto-personal.de\\\/wp-content\\\/uploads\\\/2021\\\/09\\\/Fotolia_58792434_XXL-2048x797.jpg\",\"full\":\"https:\\\/\\\/www.veto-personal.de\\\/wp-content\\\/uploads\\\/2021\\\/09\\\/Fotolia_58792434_XXL-scaled.jpg\"}'>\n                        <\/div>[\/vc_column_inner][\/vc_row_inner]<div class='vc_blank_space '><div class='vc_blank_space_inner_sm' style='height:12.5px'><\/div><div class='vc_blank_space_inner_md' style='height:25px'><\/div><div class='vc_blank_space_inner_lg' style='height:37.5px'><\/div><div class='vc_blank_space_inner_xl' style='height:50px'><\/div><\/div>        <div class=\"orange\">\r\n        \t<div class=\"tc-tabs-style1 row wdo-tabs-container\">\r\n                <ul class=\"nav nav-tabs\">\r\n                                        \t<li>\r\n                    \t\t<a data-toggle=\"tab\" href=\"#tab-leistungen\">Leistungen<\/a>\r\n                    \t<\/li>\r\n                                        \t<li>\r\n                    \t\t<a data-toggle=\"tab\" href=\"#tab-branchen\">Branchen<\/a>\r\n                    \t<\/li>\r\n                                    <\/ul>\r\n                <div class=\"tab-content\">\r\n                \t     \t\r\n     \t    <div id=\"tab-leistungen-151\" class=\"tab-pane fade\">\r\n     \t    \t[vc_column_text dynamic_content=&#8221;&#8221;]Wir <strong>\u00fcberlassen Mitarbeiter<\/strong> im technisch gewerblichen, handwerklichen sowie im kaufm\u00e4nnischen Bereich. Da wir auf einen gro\u00dfen Pool von Arbeitnehmern und Bewerbern unterschiedlicher Qualifikationen zugreifen, k\u00f6nnen wir Ihnen nach kurzer Zeit einen geeigneten Mitarbeiter \u00fcberlassen.<\/p>\n<p>Die <strong>Vermittlung von Mitarbeitern<\/strong> geh\u00f6rt ebenfalls zu unseren Leistungsofferten. Nach Ihren Vorgaben akquirieren wir geeignetes Personal und nehmen f\u00fcr Sie die Vorauswahl im Bewerbungsverfahren (Eignungsdiagnostik) vor.<\/p>\n<p>Weiterhin <strong>beraten<\/strong> wir Sie <strong>hinsichtlich Ihrer individuellen Problemstellung<\/strong> und bieten umfangreiche L\u00f6sungen wie z. B. On-Site Management, Inhouse-Service, Try &amp; Hire, Coaching und Schulungen an.<\/p>\n<p>Wir haben es uns zur Aufgabe gemacht &#8211; mit Ihrer Hilfe &#8211; Menschen aus der Region in Arbeit zu bringen und ortsans\u00e4ssige Unternehmen mit qualifizierten Mitarbeitern zu unterst\u00fctzen.[\/vc_column_text]     \t    <\/div>\r\n\r\n             \t\r\n     \t    <div id=\"tab-branchen-568\" class=\"tab-pane fade\">\r\n     \t    \t[vc_column_text dynamic_content=&#8221;&#8221;]Unser Personal ist in vielen Branchen und bei namhaften, weltweit agierenden Unternehmen erfolgreich im Einsatz.<\/p>\n<p>&nbsp;<\/p>\n<p><strong>Automobilzulieferer\/ Automotive\u00a0<\/strong><\/p>\n<p>Eine pr\u00e4zise und konstante Arbeit ist entscheidend f\u00fcr die ben\u00f6tigte gleichbleibende Qualit\u00e4t. Eine Qualit\u00e4t, welche durch Ma\u00df- und visuelle Kontrolle sowie Dokumentation sichergestellt werden kann. Unsere Mitarbeiterauswahl zielt auf diese Kriterien ab, um unsere Kunden erfolgreich und langfristig unterst\u00fctzen zu k\u00f6nnen.<\/p>\n<p>&nbsp;<\/p>\n<p><strong>Baugruppenfertigung \/ Leuchtenindustrie<\/strong><\/p>\n<p>Die Produktion von Einzelteilen aus Metall und Kunststoff, die Montage von Baugruppen sowie dessen Pr\u00fcfung geh\u00f6ren zu dem Einsatzbereich unserer Mitarbeiter. Eine genaue Arbeitsweise sowie die F\u00e4higkeit auch filigrane T\u00e4tigkeiten durchzuf\u00fchren, entspricht der Beschreibung unserer Mitarbeiter in dieser Branche.<\/p>\n<p>&nbsp;<\/p>\n<p><strong>Lagerwesen<\/strong><\/p>\n<p>Im Lager mittelst\u00e4ndischer Unternehmen, in modernen Logistikunternehmen, im Paketversand, in Onlineshops sowie im TK- und Frischwarenlager sind unsere Mitarbeiter im Einsatz. Die Aufgaben sind hierbei vielseitig \u2013 Verpackungsarbeiten, Retouren, Kommissionieren von Waren, Containerentleerung, Werksverkehr und das Bef\u00f6rdern von Waren mittels Flurf\u00f6rderfahrzeugen geh\u00f6ren in dieser Branche zu unserem Kerngesch\u00e4ft\/ Metier.<\/p>\n<p>&nbsp;<\/p>\n<p><strong>Metallverarbeitung\u00a0\/ Blechverarbeitung<\/strong><\/p>\n<p>Ob Schlosser, Schwei\u00dfer, Fachkr\u00e4fte f\u00fcr CNC- Technik, Montaget\u00e4tigkeiten, Maschinenf\u00fchrer\/ -bediener, Schmiede- und Gie\u00dfereimitarbeiter, Metall-\/ Schlosserhelfer (oder das Best\u00fccken und Entnehmen von Roboteranlagen sowie das Pr\u00fcfen der Baugruppen ?) \u2013\u00a0 die Einsatzbereiche und Kenntnisse unserer Mitarbeiter sind vielseitig. In dieser Branche besitzen wir ebenfalls eine hohe Fachkompetenz und sind in der Lage Mitarbeiter gezielt auszuw\u00e4hlen und Unternehmen dieser Branche kompetent mit dem richtigen Personal langfristig zu unterst\u00fctzen.<\/p>\n<p>&nbsp;<\/p>\n<p><strong>Lebensmittelindustrie \/ Verpackungsindustrie<\/strong><\/p>\n<p>Sauberkeit, Zuverl\u00e4ssigkeit und die zwingend notwendige Einhaltung von Vorschriften ist f\u00fcr die Lebensmittelproduktion und f\u00fcr die Produktion von Verpackungen der Lebensmittelindustrie unumg\u00e4nglich. Wir greifen hier auf mehrj\u00e4hrige Erfahrung in der Besetzung von Personal in diesen Bereichen zur\u00fcck und k\u00f6nnen auch Unternehmen mit starker saisonaler Schwankung und hohem Personalbedarf mit passenden Mitarbeitern unterst\u00fctzen.<\/p>\n<p>&nbsp;<\/p>\n<p><strong>Handwerk \/ kleine Produktionsunternehmen\u00a0<\/strong><\/p>\n<p>Die Handwerksbetriebe wie Elektriker, Maler oder Gas-\/ Wasserinstallateure sowie kleine Produktionsunternehmen greifen in der Regel auf keine Fachabteilung zu, welche sich mit der Personalbeschaffung auseinandersetzt. Hier unterst\u00fctzen wir mit unserem Know-how in der Rekrutierung und der zur Verf\u00fcgung Stellung von Fachhelfern und Facharbeitern.<\/p>\n<p>&nbsp;<\/p>\n<p><strong>Agrartechnik \/ Bereiche mit saisonaler Schwankung<\/strong><\/p>\n<p>Die Agrartechnik unterliegt in der Regel einer saisonalen Schwankung, welche den Einsatz von Arbeitnehmer\u00fcberlassung beg\u00fcnstigt. Hersteller wie auch Zulieferer unterst\u00fctzen wir mit Mitarbeitern in der Produktion, dem Lager und der Montage. Oftmals gelingt es uns Mitarbeiter \u2013 durch den Einsatz bei anderen \/ unter Zuhilfenahme anderer Branchen mit antizyklischem Personalbedarf \u2013 in der n\u00e4chsten Saison erneut zur Verf\u00fcgung zu stellen.<\/p>\n<p>&nbsp;<\/p>\n<p><strong>Kaufm\u00e4nnischer Bereich \/ F\u00fchrungskr\u00e4fte<\/strong><\/p>\n<p>In vielen Branchen sind auch kaufm\u00e4nnische Mitarbeiter aus unserem Hause im Einsatz. Neben den hier aufgef\u00fchrten Branchen unterst\u00fctzen wir u.a. die Bereiche des Immobilienwesens, der Kundenbetreuung, dem Support sowie dem Ingenieur- und Konstruktionswesen. Neben den Fachkr\u00e4ften stellen und vermitteln wir selbstverst\u00e4ndlich auch F\u00fchrungskr\u00e4fte.<\/p>\n<p>&nbsp;<\/p>\n<p><strong>Kunststoffverarbeitung \/ Automatisierungstechnik\u00a0<\/strong><\/p>\n<p>Automatisierte Prozesse mittels Portal- und Gelenkarmroboter wie auch die manuelle Entnahme der Produkte von Laufb\u00e4ndern, dessen Nachbearbeitung, Pr\u00fcfung und Verpackung \u2013 dieses sind die Einsatzbereiche, in denen unsere Mitarbeiter die Unternehmen aus der Kunststoffverarbeitung unterst\u00fctzen.<\/p>\n<p>&nbsp;<\/p>\n<p><strong>Sonstige Branchen<\/strong><\/p>\n<p>Neben den hier aufgef\u00fchrten Branchen sind unsere Mitarbeiter u.a. auch in den nachfolgenden Branchen im Einsatz:<\/p>\n<ul>\n<li>Herstellung von Freizeitartikeln<\/li>\n<li>Produktion von Sportwaffen<\/li>\n<li>Support und Callcenter<\/li>\n<li>Holzbearbeitung und Verarbeitung<\/li>\n<li>Recycling<\/li>\n<li>Beschichtungstechnik<\/li>\n<li>Batterieherstellung<\/li>\n<li>Schmiedetechnik<\/li>\n<li>Altenpflege<\/li>\n<\/ul>\n<p>[\/vc_column_text]     \t    <\/div>\r\n\r\n                        <\/div>                \t\t\t\r\n        \t<\/div>\r\n        <\/div>\r\n        [\/vc_column][\/vc_row]<\/p>\n","protected":false},"excerpt":{"rendered":"<p>[vc_section content_placement=&#8221;middle&#8221;][vc_row row_type=&#8221;row_xxxl&#8221; vc_bg_type=&#8221;vc_bg_color&#8221; ignore_inner_gutter=&#8221;true&#8221; vc_bg_colorselect=&#8221;color_13&#8243; css=&#8221;.vc_custom_1630920506486{margin-top: 0px !important;margin-right: 0px !important;margin-bottom: 0px !important;margin-left: 0px !important;padding-top: 0px !important;padding-right: 0px !important;padding-bottom: 0px !important;padding-left: 0px !important;}&#8221; el_id=&#8221;row_for_menu&#8221;][vc_column][vc_column_text dynamic_content=&#8221;&#8221;][\/vc_column_text][\/vc_column][\/vc_row][\/vc_section][vc_row row_type=&#8221;row_xl&#8221; vc_bg_seperator_type=&#8221;tilt_left_seperator&#8221; vc_bg_seperator_position=&#8221;top_bottom_asym&#8221; vc_bg_seperator=&#8221;true&#8221; vc_bg_seperator_colorselect=&#8221;color_13&#8243; css=&#8221;.vc_custom_1631618367576{padding-top: 70px !important;padding-bottom: 90px !important;}&#8221;][vc_column][vc_row_inner][vc_column_inner width=&#8221;1\/2&#8243;][vc_column_text dynamic_content=&#8221;&#8221;]Sie sind auf der Suche nach personeller Unterst\u00fctzung mit geeigneter Qualifikation? Mit der veto-personal GmbH kann Ihre Suche ein [&hellip;]<\/p>\n","protected":false},"author":1,"featured_media":0,"parent":0,"menu_order":0,"comment_status":"closed","ping_status":"closed","template":"","meta":[],"_links":{"self":[{"href":"https:\/\/www.veto-personal.de\/index.php\/wp-json\/wp\/v2\/pages\/145"}],"collection":[{"href":"https:\/\/www.veto-personal.de\/index.php\/wp-json\/wp\/v2\/pages"}],"about":[{"href":"https:\/\/www.veto-personal.de\/index.php\/wp-json\/wp\/v2\/types\/page"}],"author":[{"embeddable":true,"href":"https:\/\/www.veto-personal.de\/index.php\/wp-json\/wp\/v2\/users\/1"}],"replies":[{"embeddable":true,"href":"https:\/\/www.veto-personal.de\/index.php\/wp-json\/wp\/v2\/comments?post=145"}],"version-history":[{"count":28,"href":"https:\/\/www.veto-personal.de\/index.php\/wp-json\/wp\/v2\/pages\/145\/revisions"}],"predecessor-version":[{"id":783,"href":"https:\/\/www.veto-personal.de\/index.php\/wp-json\/wp\/v2\/pages\/145\/revisions\/783"}],"wp:attachment":[{"href":"https:\/\/www.veto-personal.de\/index.php\/wp-json\/wp\/v2\/media?parent=145"}],"curies":[{"name":"wp","href":"https:\/\/api.w.org\/{rel}","templated":true}]}}